{"id":1841,"date":"2022-06-19T19:45:07","date_gmt":"2022-06-19T17:45:07","guid":{"rendered":"https:\/\/trendstudiosl.com\/?page_id=1841"},"modified":"2022-06-20T18:19:47","modified_gmt":"2022-06-20T16:19:47","slug":"elementor-1841","status":"publish","type":"page","link":"https:\/\/trendstudiosl.com\/es\/elementor-1841\/","title":{"rendered":"cookies"},"content":{"rendered":"<div data-elementor-type=\"wp-page\" data-elementor-id=\"1841\" class=\"elementor elementor-1841\">\n\t\t\t\t\t\t\t\t\t<section class=\"elementor-section elementor-top-section elementor-element elementor-element-5af031f elementor-section-boxed elementor-section-height-default elementor-section-height-default\" data-id=\"5af031f\" data-element_type=\"section\">\n\t\t\t\t\t\t<div class=\"elementor-container elementor-column-gap-default\">\n\t\t\t\t\t<div class=\"elementor-column elementor-col-100 elementor-top-column elementor-element elementor-element-251bd23\" data-id=\"251bd23\" data-element_type=\"column\">\n\t\t\t<div class=\"elementor-widget-wrap elementor-element-populated\">\n\t\t\t\t\t\t\t\t<div class=\"elementor-element elementor-element-832ba37 elementor-widget elementor-widget-heading\" data-id=\"832ba37\" data-element_type=\"widget\" data-widget_type=\"heading.default\">\n\t\t\t\t<div class=\"elementor-widget-container\">\n\t\t\t<style>\/*! elementor - v3.6.6 - 08-06-2022 *\/\n.elementor-heading-title{padding:0;margin:0;line-height:1}.elementor-widget-heading .elementor-heading-title[class*=elementor-size-]>a{color:inherit;font-size:inherit;line-height:inherit}.elementor-widget-heading .elementor-heading-title.elementor-size-small{font-size:15px}.elementor-widget-heading .elementor-heading-title.elementor-size-medium{font-size:19px}.elementor-widget-heading .elementor-heading-title.elementor-size-large{font-size:29px}.elementor-widget-heading .elementor-heading-title.elementor-size-xl{font-size:39px}.elementor-widget-heading .elementor-heading-title.elementor-size-xxl{font-size:59px}<\/style><h2 class=\"elementor-heading-title elementor-size-default\">COOKIES<\/h2>\t\t<\/div>\n\t\t\t\t<\/div>\n\t\t\t\t<div class=\"elementor-element elementor-element-615416f elementor-widget elementor-widget-text-editor\" data-id=\"615416f\" data-element_type=\"widget\" data-widget_type=\"text-editor.default\">\n\t\t\t\t<div class=\"elementor-widget-container\">\n\t\t\t<style>\/*! elementor - v3.6.6 - 08-06-2022 *\/\n.elementor-widget-text-editor.elementor-drop-cap-view-stacked .elementor-drop-cap{background-color:#818a91;color:#fff}.elementor-widget-text-editor.elementor-drop-cap-view-framed .elementor-drop-cap{color:#818a91;border:3px solid;background-color:transparent}.elementor-widget-text-editor:not(.elementor-drop-cap-view-default) .elementor-drop-cap{margin-top:8px}.elementor-widget-text-editor:not(.elementor-drop-cap-view-default) .elementor-drop-cap-letter{width:1em;height:1em}.elementor-widget-text-editor .elementor-drop-cap{float:left;text-align:center;line-height:1;font-size:50px}.elementor-widget-text-editor .elementor-drop-cap-letter{display:inline-block}<\/style>\t\t\t\t<p><strong>\u00bfQu\u00e9 son las cookies?<\/strong><br \/>Las cookies son peque\u00f1os ficheros depositados en el ordenador del usuario que registran informaci\u00f3n relativa a la navegaci\u00f3n de \u00e9ste por el sitio (como, por ejemplo, las p\u00e1ginas consultadas o la fecha y hora de visita).<\/p><p><br \/><strong>\u00bfQu\u00e9 cookies utilizamos en nuestra web? :<\/strong><br \/>En funci\u00f3n de la correspondiente plataforma, utilizamos cookies principalmente para poder:<br \/>&#8211; Identificarte cuando te conectas a nuestras plataformas y especialmente conocerte mejor para poder ofrecerte una navegaci\u00f3n personalizada.<br \/>&#8211; Proporcionarte una navegaci\u00f3n segura y en particular luchar contra el fraude.<br \/>Nuestro sitio web emplea los siguientes tipos de cookies:<\/p><p><br \/><span style=\"text-decoration: underline;\">1. Cookies de sesi\u00f3n<\/span> <br \/>Son cookies dise\u00f1adas para recabar y almacenar datos mientras el usuario accede a una p\u00e1gina web. Se suelen emplear para almacenar informaci\u00f3n que solo interesa conservar para la prestaci\u00f3n del servicio solicitado por el usuario en una sola ocasi\u00f3n.<br \/><span style=\"text-decoration: underline;\">2. Cookies persistentes<\/span> <br \/>Son un tipo de cookies en el que los datos siguen almacenados en el terminal y a los que se puede acceder y tratar durante un periodo definido por el responsable de la cookie, y que puede ir de unos minutos a varios a\u00f1os.<br \/><span style=\"text-decoration: underline;\">3. Cookies propias<\/span> <br \/>Son cookies creadas por este sitio web y que solo puede leer el propio sitio. La p\u00e1gina www.trenstudiosl.com utiliza cookies propias persistentes con las siguientes finalidades:T\u00e9cnicas: <br \/>Permiten al usuario la navegaci\u00f3n a trav\u00e9s de la web y su conectividad con el fin de evitar usos indebidos por parte de terceros, facilitan la agilidad de la navegaci\u00f3n web del usuario cuando \u00e9ste se vuelve a conectar al sitio web y permiten el seguimiento del usuario cuando comparte contenidos a trav\u00e9s de redes sociales (plug-in).<br \/>Personalizaci\u00f3n: <br \/>Para filtrar los contenidos visualizados por el usuario durante la navegaci\u00f3n.<br \/><span style=\"text-decoration: underline;\">4. Cookies de terceros<\/span> <br \/>Las cookies de terceros pueden almacenarse en tu ordenador y su objetivo consiste en tratar de personalizar y mejorar los contenidos que posiblemente aparezcan durante tu visita. En funci\u00f3n de la plataforma, es posible que se almacenen varias cookies de terceros.<\/p><p><br \/><strong>\u00bfC\u00f3mo desactivar o eliminar las cookies?<\/strong><br \/>La configuraci\u00f3n por defecto de los navegadores de internet suele incluir la aceptaci\u00f3n de cookies, aunque la mayor\u00eda de navegadores web permite gestionar, en cualquier momento, las preferencias del Usuario sobre el uso de las cookies. No obstante, deber\u00edas tener en cuenta que si eliges desactivar las cookies, es posible que no puedas acceder a ciertas partes de las plataformas.<br \/>Los Usuarios pueden impedir el registro de cookies configurando su navegador tal y como se indica a continuaci\u00f3n:<\/p><p>\u00a0<\/p><p><strong>Para Google Chrome:<\/strong><br \/>Seleccionar el men\u00fa &#8220;Herramientas&#8221;, y a continuaci\u00f3n &#8220;Configuraci\u00f3n&#8221;. Hacer clic en \u201cMostrar opciones avanzadas\u201d en la parte inferior de la p\u00e1gina. En la secci\u00f3n \u201cPrivacidad\u201d, hacer clic en \u201cConfiguraci\u00f3n de contenido\u201d. En la ventana emergente, localizar la secci\u00f3n \u201cCookies\u201d y seleccionar la opci\u00f3n \u201cBloquear los datos de sitios y las cookies de terceros\u201d.<\/p><p><br \/><strong>Para Mozilla Firefox:<\/strong><br \/>Seleccionar el men\u00fa &#8220;Herramientas&#8221;, y a continuaci\u00f3n &#8220;Opciones&#8221; Hacer clic en el icono &#8220;Privacidad&#8221; Seleccionar las opciones deseadas en el men\u00fa &#8220;Historial\u201d y clicar en \u201cUsar una configuraci\u00f3n personalizada para el historial\u201d (desmarcar todas las casillas).<\/p><p><br \/><strong>Para Microsoft Internet Explorer:<\/strong><br \/>Seleccionar el men\u00fa &#8220;Herramientas&#8221; (o &#8220;Tools&#8221;), y a continuaci\u00f3n &#8220;Opciones de Internet&#8221; (o &#8220;Internet Options&#8221;). Hacer clic en la pesta\u00f1a &#8220;Privacidad&#8221; (o &#8220;Privacy&#8221;) Seleccionar la Configuraci\u00f3n para la zona de Internet (subir la barra de navegaci\u00f3n hasta Bloquear todas las cookies).<\/p><p><br \/><strong>Para Safari:<\/strong><br \/>Seleccionar el men\u00fa &#8220;Edici\u00f3n\u201d, y a continuaci\u00f3n \u201cPreferencias\u201d. Hacer clic en la pesta\u00f1a &#8220;Privacidad&#8221;. Seleccionar en la secci\u00f3n \u201cBloquear cookies\u201d la opci\u00f3n \u201csiempre\u201d.<\/p><p><br \/><strong>Para Netscape 7.0:<\/strong><br \/>Seleccionar el men\u00fa &#8220;Edici\u00f3n&#8221;&gt;&#8221;Preferencias&#8221; Privacidad y Seguridad Secci\u00f3n Cookies (seleccionar la opci\u00f3n \u201cdesactivar cookies\u201d).<\/p><p><br \/><strong>Para Opera 19:<\/strong><br \/>Seleccionar el men\u00fa &#8220;Configuraci\u00f3n&#8221; Privacidad y seguridad Secci\u00f3n Cookies (seleccionar Bloquear cookies de terceros y datos de sitio).<\/p>\t\t\t\t\t\t<\/div>\n\t\t\t\t<\/div>\n\t\t\t\t\t<\/div>\n\t\t<\/div>\n\t\t\t\t\t\t\t<\/div>\n\t\t<\/section>\n\t\t\t\t\t\t\t<\/div>","protected":false},"excerpt":{"rendered":"<p>COOKIES \u00bfQu\u00e9 son las cookies?Las cookies son peque\u00f1os ficheros depositados en el ordenador del usuario que registran informaci\u00f3n relativa a la navegaci\u00f3n de \u00e9ste por el sitio (como, por ejemplo, las p\u00e1ginas consultadas o la fecha y hora de visita). \u00bfQu\u00e9 cookies utilizamos en nuestra web? :En funci\u00f3n de la correspondiente plataforma, utilizamos cookies principalmente &hellip;<\/p>\n<p class=\"read-more\"> <a class=\"\" href=\"https:\/\/trendstudiosl.com\/es\/elementor-1841\/\"> <span class=\"screen-reader-text\">cookies<\/span> Leer m\u00e1s &raquo;<\/a><\/p>","protected":false},"author":1,"featured_media":0,"parent":0,"menu_order":0,"comment_status":"closed","ping_status":"closed","template":"","meta":{"om_disable_all_campaigns":false,"_monsterinsights_skip_tracking":false,"_monsterinsights_sitenote_active":false,"_monsterinsights_sitenote_note":"","_monsterinsights_sitenote_category":0,"site-sidebar-layout":"no-sidebar","site-content-layout":"page-builder","ast-global-header-display":"","ast-main-header-display":"","ast-hfb-above-header-display":"","ast-hfb-below-header-display":"","ast-hfb-mobile-header-display":"","site-post-title":"disabled","ast-breadcrumbs-content":"","ast-featured-img":"disabled","footer-sml-layout":"","theme-transparent-header-meta":"","adv-header-id-meta":"","stick-header-meta":"","header-above-stick-meta":"","header-main-stick-meta":"","header-below-stick-meta":""},"_links":{"self":[{"href":"https:\/\/trendstudiosl.com\/es\/wp-json\/wp\/v2\/pages\/1841"}],"collection":[{"href":"https:\/\/trendstudiosl.com\/es\/wp-json\/wp\/v2\/pages"}],"about":[{"href":"https:\/\/trendstudiosl.com\/es\/wp-json\/wp\/v2\/types\/page"}],"author":[{"embeddable":true,"href":"https:\/\/trendstudiosl.com\/es\/wp-json\/wp\/v2\/users\/1"}],"replies":[{"embeddable":true,"href":"https:\/\/trendstudiosl.com\/es\/wp-json\/wp\/v2\/comments?post=1841"}],"version-history":[{"count":27,"href":"https:\/\/trendstudiosl.com\/es\/wp-json\/wp\/v2\/pages\/1841\/revisions"}],"predecessor-version":[{"id":1871,"href":"https:\/\/trendstudiosl.com\/es\/wp-json\/wp\/v2\/pages\/1841\/revisions\/1871"}],"wp:attachment":[{"href":"https:\/\/trendstudiosl.com\/es\/wp-json\/wp\/v2\/media?parent=1841"}],"curies":[{"name":"wp","href":"https:\/\/api.w.org\/{rel}","templated":true}]}}